{"id":5,"date":"2015-03-07T15:04:13","date_gmt":"2015-03-07T15:04:13","guid":{"rendered":"http:\/\/pool.jotek.nu\/?page_id=5"},"modified":"2015-03-07T17:14:00","modified_gmt":"2015-03-07T17:14:00","slug":"pool-killarna","status":"publish","type":"page","link":"https:\/\/pool.jotek.nu\/","title":{"rendered":"Poolkillarna"},"content":{"rendered":"<p>Miami Poolen finns i flera former och utf\u00f6randen. Oavsett om ni beh\u00f6ver en pool som \u00e4r nergr\u00e4vd eller frist\u00e5ende s\u00e5 kan ni v\u00e4lja en Svensktillverkad pool fr\u00e5n Miami Pool, v\u00e4lj mellan allt fr\u00e5n en traditionell rektangul\u00e4r till en h\u00e4ftig Lagoonformad. Alla v\u00e5ra poolstommar tillverkas i en pl\u00e5t med en ytbehandling som heter Magnelis, den har en korrosionsbest\u00e4ndighet som \u00e4r marknaden b\u00e4sta n\u00e4r det g\u00e4ller behandlad pl\u00e5t. Den har s\u00e5 h\u00f6g kvalit\u00e9 att vi l\u00e4mnar 25 \u00e5rs ut\u00f6kad garanti p\u00e5 v\u00e5ra poolstommar.<\/p>\n","protected":false},"excerpt":{"rendered":"<p>Miami Poolen finns i flera former och utf\u00f6randen. Oavsett om ni beh\u00f6ver en pool som \u00e4r nergr\u00e4vd eller frist\u00e5ende s\u00e5 kan ni v\u00e4lja en Svensktillverkad pool fr\u00e5n Miami Pool, v\u00e4lj mellan allt fr\u00e5n en traditionell rektangul\u00e4r till en h\u00e4ftig Lagoonformad. Alla v\u00e5ra poolstommar tillverkas i en pl\u00e5t med en ytbehandling som heter Magnelis, den har [&hellip;]<\/p>\n","protected":false},"author":1,"featured_media":0,"parent":0,"menu_order":0,"comment_status":"open","ping_status":"open","template":"","meta":[],"_links":{"self":[{"href":"https:\/\/pool.jotek.nu\/index.php?rest_route=\/wp\/v2\/pages\/5"}],"collection":[{"href":"https:\/\/pool.jotek.nu\/index.php?rest_route=\/wp\/v2\/pages"}],"about":[{"href":"https:\/\/pool.jotek.nu\/index.php?rest_route=\/wp\/v2\/types\/page"}],"author":[{"embeddable":true,"href":"https:\/\/pool.jotek.nu\/index.php?rest_route=\/wp\/v2\/users\/1"}],"replies":[{"embeddable":true,"href":"https:\/\/pool.jotek.nu\/index.php?rest_route=%2Fwp%2Fv2%2Fcomments&post=5"}],"version-history":[{"count":2,"href":"https:\/\/pool.jotek.nu\/index.php?rest_route=\/wp\/v2\/pages\/5\/revisions"}],"predecessor-version":[{"id":36,"href":"https:\/\/pool.jotek.nu\/index.php?rest_route=\/wp\/v2\/pages\/5\/revisions\/36"}],"wp:attachment":[{"href":"https:\/\/pool.jotek.nu\/index.php?rest_route=%2Fwp%2Fv2%2Fmedia&parent=5"}],"curies":[{"name":"wp","href":"https:\/\/api.w.org\/{rel}","templated":true}]}}