{"id":26,"date":"2015-03-07T16:07:06","date_gmt":"2015-03-07T16:07:06","guid":{"rendered":"http:\/\/pool.jotek.nu\/?page_id=26"},"modified":"2015-03-07T16:11:41","modified_gmt":"2015-03-07T16:11:41","slug":"prislista-montering-service","status":"publish","type":"page","link":"https:\/\/pool.jotek.nu\/?page_id=26","title":{"rendered":"Prislista montering \/ service"},"content":{"rendered":"<p style=\"text-align: left;\"><strong>Poolmodell Kronor<\/strong><br \/>\nMontering Rektangul\u00e4r 3x6m 40000kr<br \/>\nMontering Rektangul\u00e4r 3x7m &#8211; 4x9m 45000kr<br \/>\nMontering Rektangul\u00e4r 5x10m 52000kr<br \/>\nMontering Rektangul\u00e4r 6x12m 58000kr<br \/>\nMontering \u00c5ttan 3.5&#215;5.4m \u2013 4.2&#215;6.5m 19500kr<br \/>\n\u00c5terfyllning \u00c5ttan 3.5&#215;5.4m \u2013 4.2&#215;6.5m 10000kr<br \/>\nMontering \u00c5ttan 5&#215;7.7m \u2013 6&#215;9.2m 25500kr<br \/>\n\u00c5terfyllning \u00c5ttan 5&#215;7.7m \u2013 6&#215;9.2m 14000kr<br \/>\nMontering Oval 3&#215;5.7m \u2013 3.5&#215;7.5m 19500kr<br \/>\n\u00c5terfyllning Oval 3&#215;5.7m \u2013 3.5&#215;7.5m 10000kr<br \/>\nMontering Oval 4.2&#215;8.2m \u2013 6x12m 25500kr<br \/>\n\u00c5terfyllning Oval 4.2&#215;8.2m \u2013 6x12m 14000kr<br \/>\nMontering Rund 3m \u2013 5m 19500kr<br \/>\n\u00c5terfyllning Rund 3m \u2013 5m 10000kr<br \/>\nMontering Rund 6m \u2013 10m 25500kr<br \/>\n\u00c5terfyllning Rund 6m \u2013 10m 14000kr<br \/>\nMontering solf\u00e5ngare 1-2st 4500kr<br \/>\nMontering solf\u00e5ngare 3-4st 5500kr<br \/>\nMontering solf\u00e5ngare 5-6st 6500kr<br \/>\nMontering solf\u00e5ngare 7-8st 7500kr<br \/>\nMontering jet-stream (ej byggnation av pumprum, ej el-installation) 3000kr<br \/>\nMontering automatiskt pool\u00f6verdrag (ej el-installation) 4500kr<br \/>\nTrappmontering p\u00e5 pl\u00e5tpool (rund, oval, \u00e5tta) 3500kr<br \/>\nTrappmontering h\u00f6rntrappa p\u00e5 rektangul\u00e4r 1500kr<br \/>\nTrappmontering p\u00e5 rektangul\u00e4r ovan mark 5000kr<br \/>\nMontering samt kalibrering av Saltklorinator 1000kr<br \/>\nMilers\u00e4ttning tillkommer p\u00e5 alla monteringar 45kr\/mil<br \/>\nTimdebitering vid service mm 595kr\/tim<br \/>\nLogi vid \u00f6vernattning tillkommer med sj\u00e4lvkostnadspris &#8211;<\/p>\n","protected":false},"excerpt":{"rendered":"<p>Poolmodell Kronor Montering Rektangul\u00e4r 3x6m 40000kr Montering Rektangul\u00e4r 3x7m &#8211; 4x9m 45000kr Montering Rektangul\u00e4r 5x10m 52000kr Montering Rektangul\u00e4r 6x12m 58000kr Montering \u00c5ttan 3.5&#215;5.4m \u2013 4.2&#215;6.5m 19500kr \u00c5terfyllning \u00c5ttan 3.5&#215;5.4m \u2013 4.2&#215;6.5m 10000kr Montering \u00c5ttan 5&#215;7.7m \u2013 6&#215;9.2m 25500kr \u00c5terfyllning \u00c5ttan 5&#215;7.7m \u2013 6&#215;9.2m 14000kr Montering Oval 3&#215;5.7m \u2013 3.5&#215;7.5m 19500kr \u00c5terfyllning Oval 3&#215;5.7m \u2013 3.5&#215;7.5m [&hellip;]<\/p>\n","protected":false},"author":1,"featured_media":0,"parent":5,"menu_order":0,"comment_status":"closed","ping_status":"closed","template":"","meta":[],"_links":{"self":[{"href":"https:\/\/pool.jotek.nu\/index.php?rest_route=\/wp\/v2\/pages\/26"}],"collection":[{"href":"https:\/\/pool.jotek.nu\/index.php?rest_route=\/wp\/v2\/pages"}],"about":[{"href":"https:\/\/pool.jotek.nu\/index.php?rest_route=\/wp\/v2\/types\/page"}],"author":[{"embeddable":true,"href":"https:\/\/pool.jotek.nu\/index.php?rest_route=\/wp\/v2\/users\/1"}],"replies":[{"embeddable":true,"href":"https:\/\/pool.jotek.nu\/index.php?rest_route=%2Fwp%2Fv2%2Fcomments&post=26"}],"version-history":[{"count":4,"href":"https:\/\/pool.jotek.nu\/index.php?rest_route=\/wp\/v2\/pages\/26\/revisions"}],"predecessor-version":[{"id":33,"href":"https:\/\/pool.jotek.nu\/index.php?rest_route=\/wp\/v2\/pages\/26\/revisions\/33"}],"up":[{"embeddable":true,"href":"https:\/\/pool.jotek.nu\/index.php?rest_route=\/wp\/v2\/pages\/5"}],"wp:attachment":[{"href":"https:\/\/pool.jotek.nu\/index.php?rest_route=%2Fwp%2Fv2%2Fmedia&parent=26"}],"curies":[{"name":"wp","href":"https:\/\/api.w.org\/{rel}","templated":true}]}}