{"id":23,"date":"2015-03-07T16:03:57","date_gmt":"2015-03-07T16:03:57","guid":{"rendered":"http:\/\/pool.jotek.nu\/?page_id=23"},"modified":"2015-03-07T16:08:03","modified_gmt":"2015-03-07T16:08:03","slug":"prislista","status":"publish","type":"page","link":"https:\/\/pool.jotek.nu\/?page_id=23","title":{"rendered":"Monteringsvillkor"},"content":{"rendered":"<p><strong>Montering av pool<\/strong><br \/>\nMonteringen p\u00e5b\u00f6rjas efter det att utgr\u00e4vningen \u00e4r totalt utf\u00f6rd och botten av<br \/>\nh\u00e5let \u00e4r gjord enligt utgr\u00e4vningsbeskrivningen.<br \/>\n<strong>Monteringen omfattar:<\/strong><br \/>\nUtm\u00e4tning och avs\u00e4ttning av poolens placering.<br \/>\nUtl\u00e4ggning av ev. isolering samt bottenmatta.<br \/>\nMontering av poolstomme.<br \/>\nInl\u00e4ggning av linern (poolduken).<br \/>\nVidare monteras belysning, reningsverk, Inlopp\/utlopp etc.<br \/>\nMont\u00f6ren finns p\u00e5 plats tills poolen \u00e4r vattenfylld under f\u00f6ruts\u00e4ttning att det finns god vattentillg\u00e5ng.<br \/>\nMont\u00f6ren informerar om sk\u00f6tsel och drift av poolen.<br \/>\n\u00c5terfyllnad rund, oval, \u00e5tta<br \/>\nEftergjutning\/\u00e5terfyllnad runt poolen med magerbetong.<br \/>\nMaterial (Cement och sand) ing\u00e5r inte i monteringspriset<br \/>\nAngivna priser g\u00e4ller vid exakt gr\u00e4vning efter ritning.<br \/>\nVid stora avvikelser tillkommer kostnad f\u00f6r handschaktning alternativt maskinhj\u00e4lp.<br \/>\n<strong>\u00c5terfyllnad rektangul\u00e4r<\/strong><br \/>\n\u00c5terfyllning med maskinhj\u00e4lp (anordnas av markentrepren\u00f6r alt. kund)<br \/>\nMont\u00f6rerna \u00e4r med under \u00e5terfyllningen (max en dag).<br \/>\nOBS! Rektangul\u00e4ra pooler med gjuten bottenplatta.<br \/>\nKostnad f\u00f6r bottenplatta tillkommer p\u00e5 angiven monteringskostnad<br \/>\nOBS! Ovala pooler monteras p\u00e5 gjuten bottenplatta!<br \/>\nKostnad f\u00f6r bottenplatta tillkommer p\u00e5 angiven monteringskostnad<br \/>\nOBS! Ovala pooler m\u00e5ste st\u00f6dmuras l\u00e4ngs med l\u00e5ngsidorna!<br \/>\nKostnad f\u00f6r st\u00f6dmurning tillkommer p\u00e5 angiven monteringskostnad<br \/>\n<strong>Montering Kantsten<\/strong><br \/>\nMontering av kantsten utf\u00f6rs normalt sett av de som l\u00e4gger stenl\u00e4ggningen runt om poolen.<br \/>\n<strong>Montering pool\u00f6verdrag<\/strong><br \/>\nMontering av pool\u00f6verdrag ing\u00e5r inte i montering av pool. Om man vill ha hj\u00e4lp med montering av pool\u00f6verdraget m\u00e5ste detta<br \/>\nbest\u00e4llas separat, arbetet sker d\u00e5 p\u00e5 l\u00f6pande r\u00e4kning. OBS! Vid montering av aut. \u00d6verdrag Aqua s\u00e5 m\u00e5ste ett fundament<br \/>\ngjutas f\u00f6r inf\u00e4stning av \u00f6verdraget.<br \/>\n<strong>Montering Solpaneler<\/strong><br \/>\nMontering av solpaneler innefattar montering av panelerna p\u00e5 tak samt r\u00f6rdragning ner till mark.<br \/>\nEv. h\u00e5ltagning genom takpannor och liknande ing\u00e5r ej utan m\u00e5ste utf\u00f6ras av fackman.<br \/>\n<strong>Montering Jet-stream<\/strong><br \/>\nMontering av Jet-stream innefattar montering i poolv\u00e4gg men inte byggnation av pumprum.<br \/>\nResers\u00e4ttning<br \/>\nVid montering \/ \u00e5terfyllnad s\u00e5 tillkommer en milers\u00e4ttning p\u00e5 45kr\/mil.<br \/>\n<strong>Sj\u00e4lvmontering<\/strong><br \/>\nVid sj\u00e4lvmontering medf\u00f6ljer en detaljerad beskrivning \u00f6ver tillv\u00e4gag\u00e5ngss\u00e4tt f\u00f6r montering och utgr\u00e4vning.<br \/>\n<strong>Vi vill g\u00f6ra k\u00f6paren uppm\u00e4rksam p\u00e5:<\/strong><br \/>\nAtt det kan bli f\u00f6rskjutningar i tidsplaneringen pga v\u00e4derf\u00f6rh\u00e5llanden (regn, sn\u00f6, tj\u00e4le etc.)<br \/>\nAtt k\u00f6paren skall ombes\u00f6rja material s\u00e5som bottenisolering, stenmj\u00f6l, gjutsand och cement.<br \/>\nAtt det ska finnas riklig tillg\u00e5ng till vatten (brandpost, tankbil elller liknande).<br \/>\nAtt det skall finnas en anvisad plats f\u00f6r reningsverket med f\u00e4rdigt utrymme f\u00f6r montering<br \/>\nAtt det ska finnas tillg\u00e5ng till el 230v<br \/>\nAtt s\u00e4rskilda villkor g\u00e4ller vid sandmark, mjuk botten, grundvatten och s\u00e4ttningar. Kontakta oss f\u00f6r mer information.<br \/>\nAtt linern kan f\u00e5 ett veck i \u201dmidjan\u201d p\u00e5 \u00e5ttaformade pooler<br \/>\nAtt poolen skall vara dr\u00e4nerad vid behov, poolen skall st\u00e5 torrt f\u00f6r att garantin p\u00e5 poolstommen skall g\u00e4lla.<br \/>\nAtt Poolkillarna inte ers\u00e4tter ev. skadade v\u00e4xter, plattor, ledningar eller dylikt.<br \/>\nAtt eventuell h\u00e5ltagning i betongv\u00e4gg eller tak skall utf\u00f6ras av fackman.<br \/>\nAtt samtliga elinstallationer skall utf\u00f6ras av beh\u00f6rig elektriker!<br \/>\nAtt varorna skall betalas vid leverans samt arbetskostnad efter montering.<br \/>\nAtt om montering inte kan utf\u00f6ras (p.g.a. bristande f\u00f6rarbeten eller annan intr\u00e4ffad omst\u00e4ndighet, som ej v\u00e5llats av Poolkillarna)<br \/>\nvid ber\u00e4knad tidpunkt skall k\u00f6paren ers\u00e4tta alla Poolkillarna kostnader f\u00f6r detta.<\/p>\n","protected":false},"excerpt":{"rendered":"<p>Montering av pool Monteringen p\u00e5b\u00f6rjas efter det att utgr\u00e4vningen \u00e4r totalt utf\u00f6rd och botten av h\u00e5let \u00e4r gjord enligt utgr\u00e4vningsbeskrivningen. Monteringen omfattar: Utm\u00e4tning och avs\u00e4ttning av poolens placering. Utl\u00e4ggning av ev. isolering samt bottenmatta. Montering av poolstomme. Inl\u00e4ggning av linern (poolduken). Vidare monteras belysning, reningsverk, Inlopp\/utlopp etc. Mont\u00f6ren finns p\u00e5 plats tills poolen \u00e4r vattenfylld [&hellip;]<\/p>\n","protected":false},"author":1,"featured_media":0,"parent":0,"menu_order":0,"comment_status":"closed","ping_status":"closed","template":"","meta":[],"_links":{"self":[{"href":"https:\/\/pool.jotek.nu\/index.php?rest_route=\/wp\/v2\/pages\/23"}],"collection":[{"href":"https:\/\/pool.jotek.nu\/index.php?rest_route=\/wp\/v2\/pages"}],"about":[{"href":"https:\/\/pool.jotek.nu\/index.php?rest_route=\/wp\/v2\/types\/page"}],"author":[{"embeddable":true,"href":"https:\/\/pool.jotek.nu\/index.php?rest_route=\/wp\/v2\/users\/1"}],"replies":[{"embeddable":true,"href":"https:\/\/pool.jotek.nu\/index.php?rest_route=%2Fwp%2Fv2%2Fcomments&post=23"}],"version-history":[{"count":5,"href":"https:\/\/pool.jotek.nu\/index.php?rest_route=\/wp\/v2\/pages\/23\/revisions"}],"predecessor-version":[{"id":31,"href":"https:\/\/pool.jotek.nu\/index.php?rest_route=\/wp\/v2\/pages\/23\/revisions\/31"}],"wp:attachment":[{"href":"https:\/\/pool.jotek.nu\/index.php?rest_route=%2Fwp%2Fv2%2Fmedia&parent=23"}],"curies":[{"name":"wp","href":"https:\/\/api.w.org\/{rel}","templated":true}]}}